{"id":106,"date":"2022-11-06T19:09:08","date_gmt":"2022-11-06T17:09:08","guid":{"rendered":"https:\/\/sinitpro.ba\/?page_id=106"},"modified":"2022-11-06T19:11:50","modified_gmt":"2022-11-06T17:11:50","slug":"virtualna-infrastruktura","status":"publish","type":"page","link":"https:\/\/sinitpro.ba\/?page_id=106","title":{"rendered":"Virtualna infrastruktura"},"content":{"rendered":"\t\t<div data-elementor-type=\"wp-page\" data-elementor-id=\"106\" class=\"elementor elementor-106\">\n\t\t\t\t\t\t<section class=\"elementor-section elementor-top-section elementor-element elementor-element-5726d2a elementor-section-boxed elementor-section-height-default elementor-section-height-default\" data-id=\"5726d2a\" data-element_type=\"section\" data-e-type=\"section\">\n\t\t\t\t\t\t<div class=\"elementor-container elementor-column-gap-default\">\n\t\t\t\t\t<div class=\"elementor-column elementor-col-100 elementor-top-column elementor-element elementor-element-76ceae8\" data-id=\"76ceae8\" data-element_type=\"column\" data-e-type=\"column\">\n\t\t\t<div class=\"elementor-widget-wrap elementor-element-populated\">\n\t\t\t\t\t\t<div class=\"elementor-element elementor-element-2f9e646 elementor-widget elementor-widget-heading\" data-id=\"2f9e646\" data-element_type=\"widget\" data-e-type=\"widget\" data-widget_type=\"heading.default\">\n\t\t\t\t<div class=\"elementor-widget-container\">\n\t\t\t\t\t<h1 class=\"elementor-heading-title elementor-size-xl\">Virtualna infrastruktura<\/h1>\t\t\t\t<\/div>\n\t\t\t\t<\/div>\n\t\t\t\t\t<\/div>\n\t\t<\/div>\n\t\t\t\t\t<\/div>\n\t\t<\/section>\n\t\t\t\t<section class=\"elementor-section elementor-top-section elementor-element elementor-element-0f00645 elementor-section-boxed elementor-section-height-default elementor-section-height-default\" data-id=\"0f00645\" data-element_type=\"section\" data-e-type=\"section\">\n\t\t\t\t\t\t<div class=\"elementor-container elementor-column-gap-default\">\n\t\t\t\t\t<div class=\"elementor-column elementor-col-100 elementor-top-column elementor-element elementor-element-7035b00\" data-id=\"7035b00\" data-element_type=\"column\" data-e-type=\"column\">\n\t\t\t<div class=\"elementor-widget-wrap elementor-element-populated\">\n\t\t\t\t\t\t<div class=\"elementor-element elementor-element-6eedbdb elementor-widget elementor-widget-text-editor\" data-id=\"6eedbdb\" data-element_type=\"widget\" data-e-type=\"widget\" data-widget_type=\"text-editor.default\">\n\t\t\t\t<div class=\"elementor-widget-container\">\n\t\t\t\t\t\t\t\t\t<p>U srcu svake virtualizacije se nalazi &#8220;virtualna ma\u0161ina&#8221;, \u010dvrsto izolovan softverski kontejner sa operativnim sistemom i aplikacijama. Obzirom da je svaka virtualna ma\u0161ina u potpunosti odvojena i nezavisna, ve\u0107ina istih mo\u017ee simultano raditi na jednom ra\u010dunaru.\u00a0<\/p><p>Tanki softverski sloj zvani hipervizor omogu\u0107ava izvr\u0161avanje virtualne ma\u0161ine na tzv. hostu. Tako\u0111er hipervizor dinami\u010dki alocira ra\u010dunarske resurse prema svakoj ma\u0161ini po potrebi. Ovakva arhitektura redefinira va\u0161e ra\u010dunarske resurse i osigurava:<\/p><ul><li>Vi\u0161e aplikacija po serveru &#8211; Obzirom da svaka virtualna ma\u0161ina enkapsulira kompletnu ma\u0161inu, mo\u017eete izvr\u0161avati vi\u0161e aplikacija i operativnih sistema na jednom fizi\u010dkom serveru u jedinici vremena.<\/li><\/ul><ul><li>Maksimalna serverska iskoristivost, minimalan broj servera &#8211; Svaki fizi\u010dki server je iskori\u0161ten do svojih punih kapaciteta, osiguravaju\u0107i vam zna\u010dajne u\u0161tede.<\/li><\/ul><ul><li>Br\u017ea, jednostavnija rezervacija resursa za aplikacije &#8211; Virtualne ma\u0161ine su fajlovi sa kojima je lako manipulirati. Ovo pojednostavljuje stvari, ubrzava i omogu\u0107ava fleksibilnost u va\u0161em IT-u. Virtualne ma\u0161ine mo\u017eete prenositi sa jednog fizi\u010dkog servera na drugi bez prekida u radu, proces poznat kao &#8220;live migration&#8221;. Tako\u0111er, mo\u017eete virtualizirati poslovno-kriti\u010dne aplikacije da bi pobolj\u0161ali performanse, dostupnost i skalabilnost smanjuju\u0107i u isto vrijeme tro\u0161kove.<\/li><\/ul><p>Kori\u0161tenje virtualne infrastrukture mo\u017ee vam zna\u010dajno pomo\u0107i da pojednostavite slo\u017eenost va\u0161eg IT okru\u017eenja, tj. pojednostavljujete operacije i odr\u017eavanje u okviru pomenutog. Dana\u0161nje upravljanje virtualnim okru\u017eenjem tipi\u010dno uklju\u010duje inteligentne automatizacijske mogu\u0107nosti. Virtualiziranje va\u0161e IT infrastrukture olak\u0161avate i pra\u0107enje performansi iste sa integrisanim alatima. Ovi alati eliminiraju potrebu IT tehni\u010dara za manualnim rutinama za odr\u017eavanje i dijagnosticiranje problema olak\u0161avaju te ubrzavaju. Zbog navedenog, zaposleni u IT sektoru mogu posvetiti vi\u0161e vremena na bitne stvari koji se ti\u010du va\u0161eg poslovanja.<\/p><p>Hipervizori koje implementiramo i sa kojima imamo uspje\u0161no dugogodi\u0161nje iskustvo su:<\/p><ol><li>VMware vSphere<\/li><li>Microsoft Hyper-V<\/li><\/ol>\t\t\t\t\t\t\t\t<\/div>\n\t\t\t\t<\/div>\n\t\t\t\t\t<\/div>\n\t\t<\/div>\n\t\t\t\t\t<\/div>\n\t\t<\/section>\n\t\t\t\t<\/div>\n\t\t","protected":false},"excerpt":{"rendered":"<p>Virtualna infrastruktura U srcu svake virtualizacije se nalazi &#8220;virtualna ma\u0161ina&#8221;, \u010dvrsto izolovan softverski kontejner sa operativnim sistemom i aplikacijama. Obzirom da je svaka virtualna ma\u0161ina u potpunosti odvojena i nezavisna, ve\u0107ina istih mo\u017ee simultano raditi na jednom ra\u010dunaru.\u00a0 Tanki softverski sloj zvani hipervizor omogu\u0107ava izvr\u0161avanje virtualne ma\u0161ine na tzv. hostu. Tako\u0111er hipervizor dinami\u010dki alocira ra\u010dunarske [&hellip;]<\/p>\n","protected":false},"author":1,"featured_media":0,"parent":0,"menu_order":0,"comment_status":"closed","ping_status":"closed","template":"","meta":{"_eb_attr":"","site-sidebar-layout":"no-sidebar","site-content-layout":"page-builder","ast-site-content-layout":"default","site-content-style":"default","site-sidebar-style":"default","ast-global-header-display":"","ast-banner-title-visibility":"","ast-main-header-display":"","ast-hfb-above-header-display":"","ast-hfb-below-header-display":"","ast-hfb-mobile-header-display":"","site-post-title":"disabled","ast-breadcrumbs-content":"","ast-featured-img":"disabled","footer-sml-layout":"","ast-disable-related-posts":"","theme-transparent-header-meta":"","adv-header-id-meta":"","stick-header-meta":"","header-above-stick-meta":"","header-main-stick-meta":"","header-below-stick-meta":"","astra-migrate-meta-layouts":"default","ast-page-background-enabled":"default","ast-page-background-meta":{"desktop":{"background-color":"var(--ast-global-color-4)","background-image":"","background-repeat":"repeat","background-position":"center center","background-size":"auto","background-attachment":"scroll","background-type":"","background-media":"","overlay-type":"","overlay-color":"","overlay-opacity":"","overlay-gradient":""},"tablet":{"background-color":"","background-image":"","background-repeat":"repeat","background-position":"center center","background-size":"auto","background-attachment":"scroll","background-type":"","background-media":"","overlay-type":"","overlay-color":"","overlay-opacity":"","overlay-gradient":""},"mobile":{"background-color":"","background-image":"","background-repeat":"repeat","background-position":"center center","background-size":"auto","background-attachment":"scroll","background-type":"","background-media":"","overlay-type":"","overlay-color":"","overlay-opacity":"","overlay-gradient":""}},"ast-content-background-meta":{"desktop":{"background-color":"var(--ast-global-color-5)","background-image":"","background-repeat":"repeat","background-position":"center center","background-size":"auto","background-attachment":"scroll","background-type":"","background-media":"","overlay-type":"","overlay-color":"","overlay-opacity":"","overlay-gradient":""},"tablet":{"background-color":"var(--ast-global-color-5)","background-image":"","background-repeat":"repeat","background-position":"center center","background-size":"auto","background-attachment":"scroll","background-type":"","background-media":"","overlay-type":"","overlay-color":"","overlay-opacity":"","overlay-gradient":""},"mobile":{"background-color":"var(--ast-global-color-5)","background-image":"","background-repeat":"repeat","background-position":"center center","background-size":"auto","background-attachment":"scroll","background-type":"","background-media":"","overlay-type":"","overlay-color":"","overlay-opacity":"","overlay-gradient":""}},"footnotes":""},"class_list":["post-106","page","type-page","status-publish","hentry"],"_links":{"self":[{"href":"https:\/\/sinitpro.ba\/index.php?rest_route=\/wp\/v2\/pages\/106","targetHints":{"allow":["GET"]}}],"collection":[{"href":"https:\/\/sinitpro.ba\/index.php?rest_route=\/wp\/v2\/pages"}],"about":[{"href":"https:\/\/sinitpro.ba\/index.php?rest_route=\/wp\/v2\/types\/page"}],"author":[{"embeddable":true,"href":"https:\/\/sinitpro.ba\/index.php?rest_route=\/wp\/v2\/users\/1"}],"replies":[{"embeddable":true,"href":"https:\/\/sinitpro.ba\/index.php?rest_route=%2Fwp%2Fv2%2Fcomments&post=106"}],"version-history":[{"count":4,"href":"https:\/\/sinitpro.ba\/index.php?rest_route=\/wp\/v2\/pages\/106\/revisions"}],"predecessor-version":[{"id":110,"href":"https:\/\/sinitpro.ba\/index.php?rest_route=\/wp\/v2\/pages\/106\/revisions\/110"}],"wp:attachment":[{"href":"https:\/\/sinitpro.ba\/index.php?rest_route=%2Fwp%2Fv2%2Fmedia&parent=106"}],"curies":[{"name":"wp","href":"https:\/\/api.w.org\/{rel}","templated":true}]}}