{"id":97,"date":"2022-11-06T18:26:31","date_gmt":"2022-11-06T16:26:31","guid":{"rendered":"https:\/\/sinitpro.ba\/?page_id=97"},"modified":"2022-11-06T19:39:06","modified_gmt":"2022-11-06T17:39:06","slug":"sistemska-integracija","status":"publish","type":"page","link":"https:\/\/sinitpro.ba\/?page_id=97","title":{"rendered":"Sistemska integracija"},"content":{"rendered":"\t\t<div data-elementor-type=\"wp-page\" data-elementor-id=\"97\" class=\"elementor elementor-97\">\n\t\t\t\t\t\t<section class=\"elementor-section elementor-top-section elementor-element elementor-element-243e8fe elementor-section-boxed elementor-section-height-default elementor-section-height-default\" data-id=\"243e8fe\" data-element_type=\"section\" data-e-type=\"section\">\n\t\t\t\t\t\t<div class=\"elementor-container elementor-column-gap-default\">\n\t\t\t\t\t<div class=\"elementor-column elementor-col-100 elementor-top-column elementor-element elementor-element-8dd5eae\" data-id=\"8dd5eae\" data-element_type=\"column\" data-e-type=\"column\">\n\t\t\t<div class=\"elementor-widget-wrap elementor-element-populated\">\n\t\t\t\t\t\t<div class=\"elementor-element elementor-element-3eddbea elementor-widget elementor-widget-heading\" data-id=\"3eddbea\" data-element_type=\"widget\" data-e-type=\"widget\" data-widget_type=\"heading.default\">\n\t\t\t\t<div class=\"elementor-widget-container\">\n\t\t\t\t\t<h1 class=\"elementor-heading-title elementor-size-xl\">SISTEMSKA INTEGRACIJA<\/h1>\t\t\t\t<\/div>\n\t\t\t\t<\/div>\n\t\t\t\t\t<\/div>\n\t\t<\/div>\n\t\t\t\t\t<\/div>\n\t\t<\/section>\n\t\t\t\t<section class=\"elementor-section elementor-top-section elementor-element elementor-element-b4bfdbf elementor-section-boxed elementor-section-height-default elementor-section-height-default\" data-id=\"b4bfdbf\" data-element_type=\"section\" data-e-type=\"section\">\n\t\t\t\t\t\t<div class=\"elementor-container elementor-column-gap-default\">\n\t\t\t\t\t<div class=\"elementor-column elementor-col-50 elementor-top-column elementor-element elementor-element-adcc03d\" data-id=\"adcc03d\" data-element_type=\"column\" data-e-type=\"column\">\n\t\t\t<div class=\"elementor-widget-wrap elementor-element-populated\">\n\t\t\t\t\t\t<div class=\"elementor-element elementor-element-3e66df2 eael-infobox-content-align--center eael-infobox-icon-bg-shape-none eael-infobox-icon-hover-bg-shape-none elementor-widget elementor-widget-eael-info-box\" data-id=\"3e66df2\" data-element_type=\"widget\" data-e-type=\"widget\" data-widget_type=\"eael-info-box.default\">\n\t\t\t\t<div class=\"elementor-widget-container\">\n\t\t\t\t\t        <div class=\"eael-infobox icon-on-top\">\n\t            <div class=\"infobox-icon eael-icon-only\">\n\n            \n                            <div class=\"infobox-icon-wrap\">\n                    <i aria-hidden=\"true\" class=\"fas fa-server\"><\/i>                <\/div>\n            \n            \n        <\/div>\n            <div class=\"infobox-content eael-icon-only\">\n                    <div class=\"infobox-title-section\">\n                <h2 class=\"title\">Serverska infrastruktura<\/h2>            <\/div>\n            <div><p>Serverska infrastruktura je osnovni element svakog informacijskog sistema. Stabilnost, dostupnost, brzina podatkovno orijentisanih sistema direktno je uvjetovana kvalitetom komponenti i adekvatno\u0161\u0107u implementacije serverske infrastrukture.\u00a0<\/p><p>Sinit Pro osmi\u0161ljava i uspostavlja serversku infrastrukturu koriste\u0107i vi\u0161egodi\u0161nja vlastita iskustva kombinirana novim i provjerenim tehnolo\u0161kim trendovima kako bi udovoljio zahtjevima svojih kupaca po dostupnosti, performansama i skalabilnosti. Pri implementaciji serverske infrastrukture, u ovisnosti od korisni\u010dkih zahtjeva, koristimo \u0161irok spektar serverskih mogu\u0107nosti &#8211; razli\u010ditih vendora, LENOVO, DELL ili HP prema \u017eelji korisnika.<\/p><\/div>        <\/div>\n            <\/div>\n\n\t\t\t\t\t\t<\/div>\n\t\t\t\t<\/div>\n\t\t\t\t\t<\/div>\n\t\t<\/div>\n\t\t\t\t<div class=\"elementor-column elementor-col-50 elementor-top-column elementor-element elementor-element-6ec873c\" data-id=\"6ec873c\" data-element_type=\"column\" data-e-type=\"column\">\n\t\t\t<div class=\"elementor-widget-wrap elementor-element-populated\">\n\t\t\t\t\t\t<div class=\"elementor-element elementor-element-2748703 eael-infobox-content-align--center eael-infobox-icon-bg-shape-none eael-infobox-icon-hover-bg-shape-none elementor-widget elementor-widget-eael-info-box\" data-id=\"2748703\" data-element_type=\"widget\" data-e-type=\"widget\" data-widget_type=\"eael-info-box.default\">\n\t\t\t\t<div class=\"elementor-widget-container\">\n\t\t\t\t\t        <div class=\"eael-infobox icon-on-top\">\n\t            <div class=\"infobox-icon eael-icon-only\">\n\n            \n                            <div class=\"infobox-icon-wrap\">\n                    <i aria-hidden=\"true\" class=\"far fa-hdd\"><\/i>                <\/div>\n            \n            \n        <\/div>\n            <div class=\"infobox-content eael-icon-only\">\n                    <div class=\"infobox-title-section\">\n                <h2 class=\"title\">Virtualna infrastruktura<\/h2>            <\/div>\n            <div><p>U srcu svake virtualizacije se nalazi &#8220;virtualna ma\u0161ina&#8221;, \u010dvrsto izolovan softverski kontejner sa operativnim sistemom i aplikacijama. Obzirom da je svaka virtualna ma\u0161ina u potpunosti odvojena i nezavisna, ve\u0107ina istih mo\u017ee simultano raditi na jednom ra\u010dunaru.\u00a0<\/p><p>Tanki softverski sloj zvani hipervizor omogu\u0107ava izvr\u0161avanje virtualne ma\u0161ine na tzv. hostu. Tako\u0111er hipervizor dinami\u010dki alocira ra\u010dunarske resurse prema svakoj ma\u0161ini po potrebi.\u00a0<\/p><p>Hipervizori koje implementiramo i sa kojima imamo uspje\u0161no dugogodi\u0161nje iskustvo su:<\/p><ol><li>VMware vSphere<\/li><li>Microsoft Hyper-V<\/li><\/ol><\/div>        <\/div>\n            <\/div>\n\n\t\t\t\t\t\t<\/div>\n\t\t\t\t<\/div>\n\t\t\t\t<div class=\"elementor-element elementor-element-6b444e8 elementor-widget elementor-widget-button\" data-id=\"6b444e8\" data-element_type=\"widget\" data-e-type=\"widget\" data-widget_type=\"button.default\">\n\t\t\t\t<div class=\"elementor-widget-container\">\n\t\t\t\t\t\t\t\t\t<div class=\"elementor-button-wrapper\">\n\t\t\t\t\t<a class=\"elementor-button elementor-button-link elementor-size-sm\" href=\"https:\/\/sinitpro.ba\/?page_id=106\">\n\t\t\t\t\t\t<span class=\"elementor-button-content-wrapper\">\n\t\t\t\t\t\t\t\t\t<span class=\"elementor-button-text\">Pro\u010ditaj vi\u0161e<\/span>\n\t\t\t\t\t<\/span>\n\t\t\t\t\t<\/a>\n\t\t\t\t<\/div>\n\t\t\t\t\t\t\t\t<\/div>\n\t\t\t\t<\/div>\n\t\t\t\t\t<\/div>\n\t\t<\/div>\n\t\t\t\t\t<\/div>\n\t\t<\/section>\n\t\t\t\t<section class=\"elementor-section elementor-top-section elementor-element elementor-element-1715d15 elementor-section-boxed elementor-section-height-default elementor-section-height-default\" data-id=\"1715d15\" data-element_type=\"section\" data-e-type=\"section\">\n\t\t\t\t\t\t<div class=\"elementor-container elementor-column-gap-default\">\n\t\t\t\t\t<div class=\"elementor-column elementor-col-50 elementor-top-column elementor-element elementor-element-0ab270d\" data-id=\"0ab270d\" data-element_type=\"column\" data-e-type=\"column\">\n\t\t\t<div class=\"elementor-widget-wrap elementor-element-populated\">\n\t\t\t\t\t\t<div class=\"elementor-element elementor-element-26e24d0 eael-infobox-content-align--center eael-infobox-icon-bg-shape-none eael-infobox-icon-hover-bg-shape-none elementor-widget elementor-widget-eael-info-box\" data-id=\"26e24d0\" data-element_type=\"widget\" data-e-type=\"widget\" data-widget_type=\"eael-info-box.default\">\n\t\t\t\t<div class=\"elementor-widget-container\">\n\t\t\t\t\t        <div class=\"eael-infobox icon-on-top\">\n\t            <div class=\"infobox-icon eael-icon-only\">\n\n            \n                            <div class=\"infobox-icon-wrap\">\n                    <i aria-hidden=\"true\" class=\"fas fa-server\"><\/i>                <\/div>\n            \n            \n        <\/div>\n            <div class=\"infobox-content eael-icon-only\">\n                    <div class=\"infobox-title-section\">\n                <h2 class=\"title\">Sistemi za pohranu podataka<\/h2>            <\/div>\n            <div><p>Svijet je preplavljen morima podataka. Strukturirani ili nestrukturirani, interno generisani ili pridobiveni izvana, pohranjeni u podatkovnom centru ili oblaku &#8211; podaci su osnova svakog poslovanja. Sagledavanje ogromnih koli\u010dina podataka, otkrivanje podatkovnih obrazaca i slije\u0111enje tako pridobivenih ideja mo\u017ee unaprijediti stru\u010dnost, brzinu odziva na tr\u017ei\u0161ne promjene, pobolj\u0161ati poslovne procese i na\u010din dono\u0161enja odluka.<\/p><p>Sistemi za pohranu podataka koje Sinit Pro koristi u svojim integracijama upravo to i omogu\u0107uju. Proizvodi na koje nudimo idu od IBM-ove StorWize serije, HP-ovih 3PAR sistema do EMC sistema . Izbor odgovaraju\u0107eg rje\u0161enja za pohranu podataka zavisi o potrebama kupaca pa tako nudimo i male network attached storage sisteme za klijente koji nemaju potrebu za enterprise rje\u0161enjima.<\/p><\/div>        <\/div>\n            <\/div>\n\n\t\t\t\t\t\t<\/div>\n\t\t\t\t<\/div>\n\t\t\t\t\t<\/div>\n\t\t<\/div>\n\t\t\t\t<div class=\"elementor-column elementor-col-50 elementor-top-column elementor-element elementor-element-9406afc\" data-id=\"9406afc\" data-element_type=\"column\" data-e-type=\"column\">\n\t\t\t<div class=\"elementor-widget-wrap elementor-element-populated\">\n\t\t\t\t\t\t<div class=\"elementor-element elementor-element-926ce15 eael-infobox-content-align--center eael-infobox-icon-bg-shape-none eael-infobox-icon-hover-bg-shape-none elementor-widget elementor-widget-eael-info-box\" data-id=\"926ce15\" data-element_type=\"widget\" data-e-type=\"widget\" data-widget_type=\"eael-info-box.default\">\n\t\t\t\t<div class=\"elementor-widget-container\">\n\t\t\t\t\t        <div class=\"eael-infobox icon-on-top\">\n\t            <div class=\"infobox-icon eael-icon-only\">\n\n            \n                            <div class=\"infobox-icon-wrap\">\n                    <i aria-hidden=\"true\" class=\"fas fa-server\"><\/i>                <\/div>\n            \n            \n        <\/div>\n            <div class=\"infobox-content eael-icon-only\">\n                    <div class=\"infobox-title-section\">\n                <h2 class=\"title\">Backup i arhiviranje podataka<\/h2>            <\/div>\n            <div><p>O za\u0161titi podataka \u010dini se da je ve\u0107 sve re\u010deno, tako da su ve\u0107ini poznate sve te razli\u010dite tehnolo\u0161ke metode kojima se digitalni podaci \u0161tite tokom procesa obrade tih istih podataka, ali jo\u0161 uvijek ponekad postoje problemi gubitaka podataka. Jedna od osnovnih metoda za\u0161tite je kreiranje sigurnosnih kopija podataka.<\/p><p>Ve\u0107ina proizvo\u0111a\u010da nudi dobru podr\u0161ku za backup fizi\u010dkih ili virtualnih okru\u017eenja. Zbog pomenute \u010dinjenice, ali i drugih brojnih naprednih funkcionalnosti mi nudimo backup sisteme bazirane na Acronis, Veeam i Symantec backup rjesenju, koji zadovoljavaju razli\u010dite potrebe na\u0161ih klijenata za backup podataka.<\/p><\/div>        <\/div>\n            <\/div>\n\n\t\t\t\t\t\t<\/div>\n\t\t\t\t<\/div>\n\t\t\t\t\t<\/div>\n\t\t<\/div>\n\t\t\t\t\t<\/div>\n\t\t<\/section>\n\t\t\t\t<\/div>\n\t\t","protected":false},"excerpt":{"rendered":"<p>SISTEMSKA INTEGRACIJA Serverska infrastruktura Serverska infrastruktura je osnovni element svakog informacijskog sistema. Stabilnost, dostupnost, brzina podatkovno orijentisanih sistema direktno je uvjetovana kvalitetom komponenti i adekvatno\u0161\u0107u implementacije serverske infrastrukture.\u00a0 Sinit Pro osmi\u0161ljava i uspostavlja serversku infrastrukturu koriste\u0107i vi\u0161egodi\u0161nja vlastita iskustva kombinirana novim i provjerenim tehnolo\u0161kim trendovima kako bi udovoljio zahtjevima svojih kupaca po dostupnosti, performansama i [&hellip;]<\/p>\n","protected":false},"author":1,"featured_media":0,"parent":0,"menu_order":0,"comment_status":"closed","ping_status":"closed","template":"","meta":{"_eb_attr":"","site-sidebar-layout":"no-sidebar","site-content-layout":"page-builder","ast-site-content-layout":"default","site-content-style":"default","site-sidebar-style":"default","ast-global-header-display":"","ast-banner-title-visibility":"","ast-main-header-display":"","ast-hfb-above-header-display":"","ast-hfb-below-header-display":"","ast-hfb-mobile-header-display":"","site-post-title":"disabled","ast-breadcrumbs-content":"","ast-featured-img":"disabled","footer-sml-layout":"","ast-disable-related-posts":"","theme-transparent-header-meta":"","adv-header-id-meta":"","stick-header-meta":"","header-above-stick-meta":"","header-main-stick-meta":"","header-below-stick-meta":"","astra-migrate-meta-layouts":"default","ast-page-background-enabled":"default","ast-page-background-meta":{"desktop":{"background-color":"var(--ast-global-color-4)","background-image":"","background-repeat":"repeat","background-position":"center center","background-size":"auto","background-attachment":"scroll","background-type":"","background-media":"","overlay-type":"","overlay-color":"","overlay-opacity":"","overlay-gradient":""},"tablet":{"background-color":"","background-image":"","background-repeat":"repeat","background-position":"center center","background-size":"auto","background-attachment":"scroll","background-type":"","background-media":"","overlay-type":"","overlay-color":"","overlay-opacity":"","overlay-gradient":""},"mobile":{"background-color":"","background-image":"","background-repeat":"repeat","background-position":"center center","background-size":"auto","background-attachment":"scroll","background-type":"","background-media":"","overlay-type":"","overlay-color":"","overlay-opacity":"","overlay-gradient":""}},"ast-content-background-meta":{"desktop":{"background-color":"var(--ast-global-color-5)","background-image":"","background-repeat":"repeat","background-position":"center center","background-size":"auto","background-attachment":"scroll","background-type":"","background-media":"","overlay-type":"","overlay-color":"","overlay-opacity":"","overlay-gradient":""},"tablet":{"background-color":"var(--ast-global-color-5)","background-image":"","background-repeat":"repeat","background-position":"center center","background-size":"auto","background-attachment":"scroll","background-type":"","background-media":"","overlay-type":"","overlay-color":"","overlay-opacity":"","overlay-gradient":""},"mobile":{"background-color":"var(--ast-global-color-5)","background-image":"","background-repeat":"repeat","background-position":"center center","background-size":"auto","background-attachment":"scroll","background-type":"","background-media":"","overlay-type":"","overlay-color":"","overlay-opacity":"","overlay-gradient":""}},"footnotes":""},"class_list":["post-97","page","type-page","status-publish","hentry"],"_links":{"self":[{"href":"https:\/\/sinitpro.ba\/index.php?rest_route=\/wp\/v2\/pages\/97","targetHints":{"allow":["GET"]}}],"collection":[{"href":"https:\/\/sinitpro.ba\/index.php?rest_route=\/wp\/v2\/pages"}],"about":[{"href":"https:\/\/sinitpro.ba\/index.php?rest_route=\/wp\/v2\/types\/page"}],"author":[{"embeddable":true,"href":"https:\/\/sinitpro.ba\/index.php?rest_route=\/wp\/v2\/users\/1"}],"replies":[{"embeddable":true,"href":"https:\/\/sinitpro.ba\/index.php?rest_route=%2Fwp%2Fv2%2Fcomments&post=97"}],"version-history":[{"count":7,"href":"https:\/\/sinitpro.ba\/index.php?rest_route=\/wp\/v2\/pages\/97\/revisions"}],"predecessor-version":[{"id":117,"href":"https:\/\/sinitpro.ba\/index.php?rest_route=\/wp\/v2\/pages\/97\/revisions\/117"}],"wp:attachment":[{"href":"https:\/\/sinitpro.ba\/index.php?rest_route=%2Fwp%2Fv2%2Fmedia&parent=97"}],"curies":[{"name":"wp","href":"https:\/\/api.w.org\/{rel}","templated":true}]}}